{"id":14,"date":"2018-04-26T13:51:29","date_gmt":"2018-04-26T13:51:29","guid":{"rendered":"http:\/\/apostillacolombia.com.co\/?page_id=14"},"modified":"2018-04-26T20:03:20","modified_gmt":"2018-04-26T20:03:20","slug":"otros-tramites","status":"publish","type":"page","link":"https:\/\/apostillacolombia.com.co\/v1\/otros-tramites\/","title":{"rendered":"Otros Tr\u00e1mites"},"content":{"rendered":"<div id=\"pl-14\"  class=\"panel-layout\" ><div id=\"pg-14-0\"  class=\"panel-grid panel-no-style\" ><div id=\"pgc-14-0-0\"  class=\"panel-grid-cell\" ><div id=\"panel-14-0-0-0\" class=\"so-panel widget widget_sow-headline panel-first-child panel-last-child\" data-index=\"0\" ><div\n\t\t\t\n\t\t\tclass=\"so-widget-sow-headline so-widget-sow-headline-default-e8204752f3c0-14\"\n\t\t\t\n\t\t><div class=\"sow-headline-container \">\n\t\t\t\t\t\t\t<h1 class=\"sow-headline\">\n\t\t\t\t\t\tOtros tr\u00e1mites \t\t\t\t\t\t<\/h1>\n\t\t\t\t\t\t\t\t\t\t\t<div class=\"decoration\">\n\t\t\t\t\t\t<div class=\"decoration-inside\"><\/div>\n\t\t\t\t\t<\/div>\n\t\t\t\t\t<\/div>\n<\/div><\/div><\/div><\/div><div id=\"pg-14-1\"  class=\"panel-grid panel-no-style\" ><div id=\"pgc-14-1-0\"  class=\"panel-grid-cell\" ><div id=\"panel-14-1-0-0\" class=\"so-panel widget widget_sow-headline panel-first-child\" data-index=\"1\" ><div\n\t\t\t\n\t\t\tclass=\"so-widget-sow-headline so-widget-sow-headline-default-c2d209cd1288-14\"\n\t\t\t\n\t\t><div class=\"sow-headline-container \">\n\t\t\t\t\t\t\t<h4 class=\"sow-headline\">\n\t\t\t\t\t\tHomologaci\u00f3n de t\u00edtulos en Espa\u00f1a.\t\t\t\t\t\t<\/h4>\n\t\t\t\t\t\t\t\t\t\t\t<div class=\"decoration\">\n\t\t\t\t\t\t<div class=\"decoration-inside\"><\/div>\n\t\t\t\t\t<\/div>\n\t\t\t\t\t<\/div>\n<\/div><\/div><div id=\"panel-14-1-0-1\" class=\"so-panel widget widget_sow-editor\" data-index=\"2\" ><div\n\t\t\t\n\t\t\tclass=\"so-widget-sow-editor so-widget-sow-editor-base\"\n\t\t\t\n\t\t>\n<div class=\"siteorigin-widget-tinymce textwidget\">\n\t<p style=\"text-align: justify;\"><span style=\"font-family: Arimo;\">Asesoramiento personalizado dependiendo la carrera, realizamos la documentaci\u00f3n correspondiente para validar su t\u00edtulo en Espa\u00f1a, bien sea para ejercer como profesional o estudiar (presencial - virtual); realizamos su APOSTILLA, COMPULSA DE DOCUMENTOS, VENTA DE SEGURO MEDICO, TRAMITES PARA VISA.<\/span><\/p>\n<\/div>\n<\/div><\/div><div id=\"panel-14-1-0-2\" class=\"so-panel widget widget_sow-slider panel-last-child\" data-index=\"3\" ><div\n\t\t\t\n\t\t\tclass=\"so-widget-sow-slider so-widget-sow-slider-default-6d39609536fd-14\"\n\t\t\t\n\t\t>\t\t\t\t<div class=\"sow-slider-base\" style=\"display: none\" tabindex=\"0\">\n\t\t\t\t\t<ul\n\t\t\t\t\tclass=\"sow-slider-images\"\n\t\t\t\t\tdata-settings=\"{&quot;pagination&quot;:true,&quot;speed&quot;:800,&quot;timeout&quot;:8000,&quot;paused&quot;:false,&quot;pause_on_hover&quot;:false,&quot;swipe&quot;:true,&quot;nav_always_show_desktop&quot;:&quot;&quot;,&quot;nav_always_show_mobile&quot;:&quot;&quot;,&quot;breakpoint&quot;:&quot;780px&quot;,&quot;unmute&quot;:false,&quot;anchor&quot;:null}\"\n\t\t\t\t\t\t\t\t\t\tdata-anchor-id=\"\"\n\t\t\t\t>\t\t<li class=\"sow-slider-image\" style=\"visibility: visible;\" >\n\t\t\t\t\t\t<img loading=\"lazy\" decoding=\"async\" width=\"2560\" height=\"1920\" src=\"https:\/\/apostillacolombia.com.co\/v1\/wp-content\/uploads\/2018\/04\/20180418_184155.jpg\" class=\"sow-slider-background-image\" alt=\"\" style=\"\" srcset=\"https:\/\/apostillacolombia.com.co\/v1\/wp-content\/uploads\/2018\/04\/20180418_184155.jpg 2560w, https:\/\/apostillacolombia.com.co\/v1\/wp-content\/uploads\/2018\/04\/20180418_184155-300x225.jpg 300w, https:\/\/apostillacolombia.com.co\/v1\/wp-content\/uploads\/2018\/04\/20180418_184155-768x576.jpg 768w, https:\/\/apostillacolombia.com.co\/v1\/wp-content\/uploads\/2018\/04\/20180418_184155-1024x768.jpg 1024w\" sizes=\"(max-width: 2560px) 100vw, 2560px\" \/>\t\t<\/li>\n\t\t<\/ul>\t\t\t\t<ol class=\"sow-slider-pagination\">\n\t\t\t\t\t\t\t\t\t\t\t<li><a href=\"#\" data-goto=\"0\" aria-label=\"mostrar diapositiva 1\"><\/a><\/li>\n\t\t\t\t\t\t\t\t\t<\/ol>\n\n\t\t\t\t<div class=\"sow-slide-nav sow-slide-nav-next\">\n\t\t\t\t\t<a href=\"#\" data-goto=\"next\" aria-label=\"diapositiva siguiente\" data-action=\"next\">\n\t\t\t\t\t\t<em class=\"sow-sld-icon-thin-right\"><\/em>\n\t\t\t\t\t<\/a>\n\t\t\t\t<\/div>\n\n\t\t\t\t<div class=\"sow-slide-nav sow-slide-nav-prev\">\n\t\t\t\t\t<a href=\"#\" data-goto=\"previous\" aria-label=\"diapositiva anterior\" data-action=\"prev\">\n\t\t\t\t\t\t<em class=\"sow-sld-icon-thin-left\"><\/em>\n\t\t\t\t\t<\/a>\n\t\t\t\t<\/div>\n\t\t\t\t<\/div><\/div><\/div><\/div><div id=\"pgc-14-1-1\"  class=\"panel-grid-cell\" ><div id=\"panel-14-1-1-0\" class=\"so-panel widget widget_sow-headline panel-first-child\" data-index=\"4\" ><div\n\t\t\t\n\t\t\tclass=\"so-widget-sow-headline so-widget-sow-headline-default-c2d209cd1288-14\"\n\t\t\t\n\t\t><div class=\"sow-headline-container \">\n\t\t\t\t\t\t\t<h4 class=\"sow-headline\">\n\t\t\t\t\t\tSeguro M\u00e9dico Internacional, por d\u00edas, meses o a\u00f1os.\t\t\t\t\t\t<\/h4>\n\t\t\t\t\t\t\t\t\t\t\t<div class=\"decoration\">\n\t\t\t\t\t\t<div class=\"decoration-inside\"><\/div>\n\t\t\t\t\t<\/div>\n\t\t\t\t\t<\/div>\n<\/div><\/div><div id=\"panel-14-1-1-1\" class=\"so-panel widget widget_sow-editor\" data-index=\"5\" ><div\n\t\t\t\n\t\t\tclass=\"so-widget-sow-editor so-widget-sow-editor-base\"\n\t\t\t\n\t\t>\n<div class=\"siteorigin-widget-tinymce textwidget\">\n\t<p style=\"text-align: justify;\"><span style=\"font-family: Arimo;\">Venta de seguro m\u00e9dico internacional para cualquier destino en el mundo, excelentes descuentos.<\/span><\/p>\n<p>&nbsp;<\/p>\n<\/div>\n<\/div><\/div><div id=\"panel-14-1-1-2\" class=\"so-panel widget widget_sow-slider panel-last-child\" data-index=\"6\" ><div class=\"panel-widget-style panel-widget-style-for-14-1-1-2\" ><div\n\t\t\t\n\t\t\tclass=\"so-widget-sow-slider so-widget-sow-slider-default-6d39609536fd-14\"\n\t\t\t\n\t\t>\t\t\t\t<div class=\"sow-slider-base\" style=\"display: none\" tabindex=\"0\">\n\t\t\t\t\t<ul\n\t\t\t\t\tclass=\"sow-slider-images\"\n\t\t\t\t\tdata-settings=\"{&quot;pagination&quot;:true,&quot;speed&quot;:800,&quot;timeout&quot;:8000,&quot;paused&quot;:false,&quot;pause_on_hover&quot;:false,&quot;swipe&quot;:true,&quot;nav_always_show_desktop&quot;:&quot;&quot;,&quot;nav_always_show_mobile&quot;:&quot;&quot;,&quot;breakpoint&quot;:&quot;780px&quot;,&quot;unmute&quot;:false,&quot;anchor&quot;:null}\"\n\t\t\t\t\t\t\t\t\t\tdata-anchor-id=\"\"\n\t\t\t\t>\t\t<li class=\"sow-slider-image\" style=\"visibility: visible;\" >\n\t\t\t\t\t\t<img loading=\"lazy\" decoding=\"async\" width=\"1600\" height=\"600\" src=\"https:\/\/apostillacolombia.com.co\/v1\/wp-content\/uploads\/2018\/04\/20180418_184032-Copy-e1525636403705.jpg\" class=\"sow-slider-background-image\" alt=\"legalizaci\u00f3n en el MEN\" style=\"\" srcset=\"https:\/\/apostillacolombia.com.co\/v1\/wp-content\/uploads\/2018\/04\/20180418_184032-Copy-e1525636403705.jpg 1600w, https:\/\/apostillacolombia.com.co\/v1\/wp-content\/uploads\/2018\/04\/20180418_184032-Copy-e1525636403705-300x113.jpg 300w, https:\/\/apostillacolombia.com.co\/v1\/wp-content\/uploads\/2018\/04\/20180418_184032-Copy-e1525636403705-768x288.jpg 768w, https:\/\/apostillacolombia.com.co\/v1\/wp-content\/uploads\/2018\/04\/20180418_184032-Copy-e1525636403705-1024x384.jpg 1024w\" sizes=\"(max-width: 1600px) 100vw, 1600px\" \/>\t\t<\/li>\n\t\t<\/ul>\t\t\t\t<ol class=\"sow-slider-pagination\">\n\t\t\t\t\t\t\t\t\t\t\t<li><a href=\"#\" data-goto=\"0\" aria-label=\"mostrar diapositiva 1\"><\/a><\/li>\n\t\t\t\t\t\t\t\t\t<\/ol>\n\n\t\t\t\t<div class=\"sow-slide-nav sow-slide-nav-next\">\n\t\t\t\t\t<a href=\"#\" data-goto=\"next\" aria-label=\"diapositiva siguiente\" data-action=\"next\">\n\t\t\t\t\t\t<em class=\"sow-sld-icon-thin-right\"><\/em>\n\t\t\t\t\t<\/a>\n\t\t\t\t<\/div>\n\n\t\t\t\t<div class=\"sow-slide-nav sow-slide-nav-prev\">\n\t\t\t\t\t<a href=\"#\" data-goto=\"previous\" aria-label=\"diapositiva anterior\" data-action=\"prev\">\n\t\t\t\t\t\t<em class=\"sow-sld-icon-thin-left\"><\/em>\n\t\t\t\t\t<\/a>\n\t\t\t\t<\/div>\n\t\t\t\t<\/div><\/div><\/div><\/div><\/div><\/div><div id=\"pg-14-2\"  class=\"panel-grid panel-no-style\" ><div id=\"pgc-14-2-0\"  class=\"panel-grid-cell\" ><div id=\"panel-14-2-0-0\" class=\"so-panel widget widget_sow-headline panel-first-child\" data-index=\"7\" ><div\n\t\t\t\n\t\t\tclass=\"so-widget-sow-headline so-widget-sow-headline-default-c2d209cd1288-14\"\n\t\t\t\n\t\t><div class=\"sow-headline-container \">\n\t\t\t\t\t\t\t<h4 class=\"sow-headline\">\n\t\t\t\t\t\tConvalidaci\u00f3n de t\u00edtulos en Argentina, D.N.I y documentaci\u00f3n necesaria. (Especializaci\u00f3n de m\u00e9dicos) (Convalidaci\u00f3n Del Bachillerato)\t\t\t\t\t\t<\/h4>\n\t\t\t\t\t\t\t\t\t\t\t<div class=\"decoration\">\n\t\t\t\t\t\t<div class=\"decoration-inside\"><\/div>\n\t\t\t\t\t<\/div>\n\t\t\t\t\t<\/div>\n<\/div><\/div><div id=\"panel-14-2-0-1\" class=\"so-panel widget widget_sow-editor\" data-index=\"8\" ><div\n\t\t\t\n\t\t\tclass=\"so-widget-sow-editor so-widget-sow-editor-base\"\n\t\t\t\n\t\t>\n<div class=\"siteorigin-widget-tinymce textwidget\">\n\t<p style=\"text-align: justify;\"><span style=\"font-family: Arimo;\">No pierda tiempo ni realice tr\u00e1mites innecesarios, realizamos la documentaci\u00f3n completa para validar su t\u00edtulo en argentina dependiendo del nivel acad\u00e9mico al que desea aspirar, d\u00e9jelo en manos de expertos y viaje tranquilo, Cont\u00e1ctenos! <\/span><\/p>\n<\/div>\n<\/div><\/div><div id=\"panel-14-2-0-2\" class=\"so-panel widget widget_sow-slider panel-last-child\" data-index=\"9\" ><div class=\"panel-widget-style panel-widget-style-for-14-2-0-2\" ><div\n\t\t\t\n\t\t\tclass=\"so-widget-sow-slider so-widget-sow-slider-default-6d39609536fd-14\"\n\t\t\t\n\t\t>\t\t\t\t<div class=\"sow-slider-base\" style=\"display: none\" tabindex=\"0\">\n\t\t\t\t\t<ul\n\t\t\t\t\tclass=\"sow-slider-images\"\n\t\t\t\t\tdata-settings=\"{&quot;pagination&quot;:true,&quot;speed&quot;:800,&quot;timeout&quot;:8000,&quot;paused&quot;:false,&quot;pause_on_hover&quot;:false,&quot;swipe&quot;:true,&quot;nav_always_show_desktop&quot;:&quot;&quot;,&quot;nav_always_show_mobile&quot;:&quot;&quot;,&quot;breakpoint&quot;:&quot;780px&quot;,&quot;unmute&quot;:false,&quot;anchor&quot;:null}\"\n\t\t\t\t\t\t\t\t\t\tdata-anchor-id=\"\"\n\t\t\t\t>\t\t<li class=\"sow-slider-image\" style=\"visibility: visible;\" >\n\t\t\t\t\t\t<img loading=\"lazy\" decoding=\"async\" width=\"1600\" height=\"1200\" src=\"https:\/\/apostillacolombia.com.co\/v1\/wp-content\/uploads\/2018\/04\/20180418_191359-Copy.jpg\" class=\"sow-slider-background-image\" alt=\"\" style=\"\" srcset=\"https:\/\/apostillacolombia.com.co\/v1\/wp-content\/uploads\/2018\/04\/20180418_191359-Copy.jpg 1600w, https:\/\/apostillacolombia.com.co\/v1\/wp-content\/uploads\/2018\/04\/20180418_191359-Copy-300x225.jpg 300w, https:\/\/apostillacolombia.com.co\/v1\/wp-content\/uploads\/2018\/04\/20180418_191359-Copy-768x576.jpg 768w, https:\/\/apostillacolombia.com.co\/v1\/wp-content\/uploads\/2018\/04\/20180418_191359-Copy-1024x768.jpg 1024w\" sizes=\"(max-width: 1600px) 100vw, 1600px\" \/>\t\t<\/li>\n\t\t\t\t<li class=\"sow-slider-image\" style=\"visibility: hidden;\" >\n\t\t\t\t\t\t<img loading=\"lazy\" decoding=\"async\" width=\"1600\" height=\"1200\" src=\"https:\/\/apostillacolombia.com.co\/v1\/wp-content\/uploads\/2018\/04\/20180418_191442-Copy.jpg\" class=\"sow-slider-background-image\" alt=\"\" style=\"\" srcset=\"https:\/\/apostillacolombia.com.co\/v1\/wp-content\/uploads\/2018\/04\/20180418_191442-Copy.jpg 1600w, https:\/\/apostillacolombia.com.co\/v1\/wp-content\/uploads\/2018\/04\/20180418_191442-Copy-300x225.jpg 300w, https:\/\/apostillacolombia.com.co\/v1\/wp-content\/uploads\/2018\/04\/20180418_191442-Copy-768x576.jpg 768w, https:\/\/apostillacolombia.com.co\/v1\/wp-content\/uploads\/2018\/04\/20180418_191442-Copy-1024x768.jpg 1024w\" sizes=\"(max-width: 1600px) 100vw, 1600px\" \/>\t\t<\/li>\n\t\t<\/ul>\t\t\t\t<ol class=\"sow-slider-pagination\">\n\t\t\t\t\t\t\t\t\t\t\t<li><a href=\"#\" data-goto=\"0\" aria-label=\"mostrar diapositiva 1\"><\/a><\/li>\n\t\t\t\t\t\t\t\t\t\t\t<li><a href=\"#\" data-goto=\"1\" aria-label=\"mostrar diapositiva 2\"><\/a><\/li>\n\t\t\t\t\t\t\t\t\t<\/ol>\n\n\t\t\t\t<div class=\"sow-slide-nav sow-slide-nav-next\">\n\t\t\t\t\t<a href=\"#\" data-goto=\"next\" aria-label=\"diapositiva siguiente\" data-action=\"next\">\n\t\t\t\t\t\t<em class=\"sow-sld-icon-thin-right\"><\/em>\n\t\t\t\t\t<\/a>\n\t\t\t\t<\/div>\n\n\t\t\t\t<div class=\"sow-slide-nav sow-slide-nav-prev\">\n\t\t\t\t\t<a href=\"#\" data-goto=\"previous\" aria-label=\"diapositiva anterior\" data-action=\"prev\">\n\t\t\t\t\t\t<em class=\"sow-sld-icon-thin-left\"><\/em>\n\t\t\t\t\t<\/a>\n\t\t\t\t<\/div>\n\t\t\t\t<\/div><\/div><\/div><\/div><\/div><div id=\"pgc-14-2-1\"  class=\"panel-grid-cell\" ><div id=\"panel-14-2-1-0\" class=\"so-panel widget widget_sow-headline panel-first-child\" data-index=\"10\" ><div\n\t\t\t\n\t\t\tclass=\"so-widget-sow-headline so-widget-sow-headline-default-c2d209cd1288-14\"\n\t\t\t\n\t\t><div class=\"sow-headline-container \">\n\t\t\t\t\t\t\t<h4 class=\"sow-headline\">\n\t\t\t\t\t\tEsc\u00e1ner de Libros, Contenidos program\u00e1ticos o pensum acad\u00e9mico (anillado para los mismos), Documentos tipo plotter, y toda clase de documentos\t\t\t\t\t\t<\/h4>\n\t\t\t\t\t\t\t\t\t\t\t<div class=\"decoration\">\n\t\t\t\t\t\t<div class=\"decoration-inside\"><\/div>\n\t\t\t\t\t<\/div>\n\t\t\t\t\t<\/div>\n<\/div><\/div><div id=\"panel-14-2-1-1\" class=\"so-panel widget widget_sow-slider panel-last-child\" data-index=\"11\" ><div class=\"panel-widget-style panel-widget-style-for-14-2-1-1\" ><div\n\t\t\t\n\t\t\tclass=\"so-widget-sow-slider so-widget-sow-slider-default-6d39609536fd-14\"\n\t\t\t\n\t\t>\t\t\t\t<div class=\"sow-slider-base\" style=\"display: none\" tabindex=\"0\">\n\t\t\t\t\t<ul\n\t\t\t\t\tclass=\"sow-slider-images\"\n\t\t\t\t\tdata-settings=\"{&quot;pagination&quot;:true,&quot;speed&quot;:800,&quot;timeout&quot;:8000,&quot;paused&quot;:false,&quot;pause_on_hover&quot;:false,&quot;swipe&quot;:true,&quot;nav_always_show_desktop&quot;:&quot;&quot;,&quot;nav_always_show_mobile&quot;:&quot;&quot;,&quot;breakpoint&quot;:&quot;780px&quot;,&quot;unmute&quot;:false,&quot;anchor&quot;:null}\"\n\t\t\t\t\t\t\t\t\t\tdata-anchor-id=\"\"\n\t\t\t\t>\t\t<li class=\"sow-slider-image\" style=\"visibility: visible;\" >\n\t\t\t\t\t\t<img loading=\"lazy\" decoding=\"async\" width=\"1600\" height=\"600\" src=\"https:\/\/apostillacolombia.com.co\/v1\/wp-content\/uploads\/2018\/04\/20180418_184953-Copy-e1525636058524.jpg\" class=\"sow-slider-background-image\" alt=\"\" style=\"\" srcset=\"https:\/\/apostillacolombia.com.co\/v1\/wp-content\/uploads\/2018\/04\/20180418_184953-Copy-e1525636058524.jpg 1600w, https:\/\/apostillacolombia.com.co\/v1\/wp-content\/uploads\/2018\/04\/20180418_184953-Copy-e1525636058524-300x113.jpg 300w, https:\/\/apostillacolombia.com.co\/v1\/wp-content\/uploads\/2018\/04\/20180418_184953-Copy-e1525636058524-768x288.jpg 768w, https:\/\/apostillacolombia.com.co\/v1\/wp-content\/uploads\/2018\/04\/20180418_184953-Copy-e1525636058524-1024x384.jpg 1024w\" sizes=\"(max-width: 1600px) 100vw, 1600px\" \/>\t\t<\/li>\n\t\t\t\t<li class=\"sow-slider-image\" style=\"visibility: hidden;\" >\n\t\t\t\t\t\t<img loading=\"lazy\" decoding=\"async\" width=\"1600\" height=\"1200\" src=\"https:\/\/apostillacolombia.com.co\/v1\/wp-content\/uploads\/2018\/04\/20180418_185053-Copy.jpg\" class=\"sow-slider-background-image\" alt=\"\" style=\"\" srcset=\"https:\/\/apostillacolombia.com.co\/v1\/wp-content\/uploads\/2018\/04\/20180418_185053-Copy.jpg 1600w, https:\/\/apostillacolombia.com.co\/v1\/wp-content\/uploads\/2018\/04\/20180418_185053-Copy-300x225.jpg 300w, https:\/\/apostillacolombia.com.co\/v1\/wp-content\/uploads\/2018\/04\/20180418_185053-Copy-768x576.jpg 768w, https:\/\/apostillacolombia.com.co\/v1\/wp-content\/uploads\/2018\/04\/20180418_185053-Copy-1024x768.jpg 1024w\" sizes=\"(max-width: 1600px) 100vw, 1600px\" \/>\t\t<\/li>\n\t\t\t\t<li class=\"sow-slider-image\" style=\"visibility: hidden;\" >\n\t\t\t\t\t\t<img loading=\"lazy\" decoding=\"async\" width=\"1600\" height=\"1200\" src=\"https:\/\/apostillacolombia.com.co\/v1\/wp-content\/uploads\/2018\/04\/20180418_184733-Copy.jpg\" class=\"sow-slider-background-image\" alt=\"\" style=\"\" srcset=\"https:\/\/apostillacolombia.com.co\/v1\/wp-content\/uploads\/2018\/04\/20180418_184733-Copy.jpg 1600w, https:\/\/apostillacolombia.com.co\/v1\/wp-content\/uploads\/2018\/04\/20180418_184733-Copy-300x225.jpg 300w, https:\/\/apostillacolombia.com.co\/v1\/wp-content\/uploads\/2018\/04\/20180418_184733-Copy-768x576.jpg 768w, https:\/\/apostillacolombia.com.co\/v1\/wp-content\/uploads\/2018\/04\/20180418_184733-Copy-1024x768.jpg 1024w\" sizes=\"(max-width: 1600px) 100vw, 1600px\" \/>\t\t<\/li>\n\t\t<\/ul>\t\t\t\t<ol class=\"sow-slider-pagination\">\n\t\t\t\t\t\t\t\t\t\t\t<li><a href=\"#\" data-goto=\"0\" aria-label=\"mostrar diapositiva 1\"><\/a><\/li>\n\t\t\t\t\t\t\t\t\t\t\t<li><a href=\"#\" data-goto=\"1\" aria-label=\"mostrar diapositiva 2\"><\/a><\/li>\n\t\t\t\t\t\t\t\t\t\t\t<li><a href=\"#\" data-goto=\"2\" aria-label=\"mostrar diapositiva 3\"><\/a><\/li>\n\t\t\t\t\t\t\t\t\t<\/ol>\n\n\t\t\t\t<div class=\"sow-slide-nav sow-slide-nav-next\">\n\t\t\t\t\t<a href=\"#\" data-goto=\"next\" aria-label=\"diapositiva siguiente\" data-action=\"next\">\n\t\t\t\t\t\t<em class=\"sow-sld-icon-thin-right\"><\/em>\n\t\t\t\t\t<\/a>\n\t\t\t\t<\/div>\n\n\t\t\t\t<div class=\"sow-slide-nav sow-slide-nav-prev\">\n\t\t\t\t\t<a href=\"#\" data-goto=\"previous\" aria-label=\"diapositiva anterior\" data-action=\"prev\">\n\t\t\t\t\t\t<em class=\"sow-sld-icon-thin-left\"><\/em>\n\t\t\t\t\t<\/a>\n\t\t\t\t<\/div>\n\t\t\t\t<\/div><\/div><\/div><\/div><\/div><\/div><div id=\"pg-14-3\"  class=\"panel-grid panel-no-style\" ><div id=\"pgc-14-3-0\"  class=\"panel-grid-cell\" ><div id=\"panel-14-3-0-0\" class=\"so-panel widget widget_sow-headline panel-first-child panel-last-child\" data-index=\"12\" ><div\n\t\t\t\n\t\t\tclass=\"so-widget-sow-headline so-widget-sow-headline-default-c2d209cd1288-14\"\n\t\t\t\n\t\t><div class=\"sow-headline-container \">\n\t\t\t\t\t\t\t<h4 class=\"sow-headline\">\n\t\t\t\t\t\tLegalizaci\u00f3n o tr\u00e1mite de documentos ante las siguientes entidades.  \t\t\t\t\t\t<\/h4>\n\t\t\t\t\t\t\t\t\t\t\t<div class=\"decoration\">\n\t\t\t\t\t\t<div class=\"decoration-inside\"><\/div>\n\t\t\t\t\t<\/div>\n\t\t\t\t\t<\/div>\n<\/div><\/div><\/div><\/div><div id=\"pg-14-4\"  class=\"panel-grid panel-no-style\" ><div id=\"pgc-14-4-0\"  class=\"panel-grid-cell\" ><div id=\"panel-14-4-0-0\" class=\"so-panel widget widget_sow-editor panel-first-child panel-last-child\" data-index=\"13\" ><div\n\t\t\t\n\t\t\tclass=\"so-widget-sow-editor so-widget-sow-editor-base\"\n\t\t\t\n\t\t>\n<div class=\"siteorigin-widget-tinymce textwidget\">\n\t<ul>\n<li><span style=\"font-family: Arimo;\">Canciller\u00eda - Ministerio de Relaciones Exteriores.<\/span><\/li>\n<li><span style=\"font-family: Arimo;\">Ministerio de Educaci\u00f3n Nacional, Bogot\u00e1.<\/span><\/li>\n<li><span style=\"font-family: Arimo;\">Secretar\u00eda de Educaci\u00f3n Distrital, Bogot\u00e1.<\/span><\/li>\n<li><span style=\"font-family: Arimo;\">Secretar\u00eda de Educaci\u00f3n, Gobernaci\u00f3n de Cundinamarca.\u00a0 <\/span><\/li>\n<li><span style=\"font-family: Arimo;\">Registraduria Nacional del Estado Civil.<\/span><\/li>\n<li><span style=\"font-family: Arimo;\">Nunciatura Apost\u00f3lica.<\/span><\/li>\n<li><span style=\"font-family: Arimo;\">Consulados, Embajadas.<\/span><\/li>\n<li><span style=\"font-family: Arimo;\">Notarias, Superintendencias.<\/span><\/li>\n<li><span style=\"font-family: Arimo;\">Correspondencia en universidades.\u00a0 <\/span><\/li>\n<li><span style=\"font-family: Arimo;\">Certificado Judicial, para el exterior.<\/span><\/li>\n<\/ul>\n<\/div>\n<\/div><\/div><\/div><div id=\"pgc-14-4-1\"  class=\"panel-grid-cell\" ><div id=\"panel-14-4-1-0\" class=\"so-panel widget widget_sow-slider panel-first-child panel-last-child\" data-index=\"14\" ><div\n\t\t\t\n\t\t\tclass=\"so-widget-sow-slider so-widget-sow-slider-default-6d39609536fd-14\"\n\t\t\t\n\t\t>\t\t\t\t<div class=\"sow-slider-base\" style=\"display: none\" tabindex=\"0\">\n\t\t\t\t\t<ul\n\t\t\t\t\tclass=\"sow-slider-images\"\n\t\t\t\t\tdata-settings=\"{&quot;pagination&quot;:true,&quot;speed&quot;:800,&quot;timeout&quot;:8000,&quot;paused&quot;:false,&quot;pause_on_hover&quot;:false,&quot;swipe&quot;:true,&quot;nav_always_show_desktop&quot;:&quot;&quot;,&quot;nav_always_show_mobile&quot;:&quot;&quot;,&quot;breakpoint&quot;:&quot;780px&quot;,&quot;unmute&quot;:false,&quot;anchor&quot;:null}\"\n\t\t\t\t\t\t\t\t\t\tdata-anchor-id=\"\"\n\t\t\t\t>\t\t<li class=\"sow-slider-image\" style=\"visibility: visible;\" >\n\t\t\t\t\t\t<img loading=\"lazy\" decoding=\"async\" width=\"1464\" height=\"598\" src=\"https:\/\/apostillacolombia.com.co\/v1\/wp-content\/uploads\/2018\/04\/20180418_185718-Copy-e1525635587979.jpg\" class=\"sow-slider-background-image\" alt=\"COMPULSA\" style=\"\" srcset=\"https:\/\/apostillacolombia.com.co\/v1\/wp-content\/uploads\/2018\/04\/20180418_185718-Copy-e1525635587979.jpg 1464w, https:\/\/apostillacolombia.com.co\/v1\/wp-content\/uploads\/2018\/04\/20180418_185718-Copy-e1525635587979-300x123.jpg 300w, https:\/\/apostillacolombia.com.co\/v1\/wp-content\/uploads\/2018\/04\/20180418_185718-Copy-e1525635587979-768x314.jpg 768w, https:\/\/apostillacolombia.com.co\/v1\/wp-content\/uploads\/2018\/04\/20180418_185718-Copy-e1525635587979-1024x418.jpg 1024w, https:\/\/apostillacolombia.com.co\/v1\/wp-content\/uploads\/2018\/04\/20180418_185718-Copy-e1525635587979-1007x411.jpg 1007w\" sizes=\"(max-width: 1464px) 100vw, 1464px\" \/>\t\t<\/li>\n\t\t\t\t<li class=\"sow-slider-image\" style=\"visibility: hidden;\" >\n\t\t\t\t\t\t<img loading=\"lazy\" decoding=\"async\" width=\"1600\" height=\"636\" src=\"https:\/\/apostillacolombia.com.co\/v1\/wp-content\/uploads\/2018\/04\/20180418_185915-Copy-e1525634938641.jpg\" class=\"sow-slider-background-image\" alt=\"COMPULSA\" style=\"\" srcset=\"https:\/\/apostillacolombia.com.co\/v1\/wp-content\/uploads\/2018\/04\/20180418_185915-Copy-e1525634938641.jpg 1600w, https:\/\/apostillacolombia.com.co\/v1\/wp-content\/uploads\/2018\/04\/20180418_185915-Copy-e1525634938641-300x119.jpg 300w, https:\/\/apostillacolombia.com.co\/v1\/wp-content\/uploads\/2018\/04\/20180418_185915-Copy-e1525634938641-768x305.jpg 768w, https:\/\/apostillacolombia.com.co\/v1\/wp-content\/uploads\/2018\/04\/20180418_185915-Copy-e1525634938641-1024x407.jpg 1024w\" sizes=\"(max-width: 1600px) 100vw, 1600px\" \/>\t\t<\/li>\n\t\t<\/ul>\t\t\t\t<ol class=\"sow-slider-pagination\">\n\t\t\t\t\t\t\t\t\t\t\t<li><a href=\"#\" data-goto=\"0\" aria-label=\"mostrar diapositiva 1\"><\/a><\/li>\n\t\t\t\t\t\t\t\t\t\t\t<li><a href=\"#\" data-goto=\"1\" aria-label=\"mostrar diapositiva 2\"><\/a><\/li>\n\t\t\t\t\t\t\t\t\t<\/ol>\n\n\t\t\t\t<div class=\"sow-slide-nav sow-slide-nav-next\">\n\t\t\t\t\t<a href=\"#\" data-goto=\"next\" aria-label=\"diapositiva siguiente\" data-action=\"next\">\n\t\t\t\t\t\t<em class=\"sow-sld-icon-thin-right\"><\/em>\n\t\t\t\t\t<\/a>\n\t\t\t\t<\/div>\n\n\t\t\t\t<div class=\"sow-slide-nav sow-slide-nav-prev\">\n\t\t\t\t\t<a href=\"#\" data-goto=\"previous\" aria-label=\"diapositiva anterior\" data-action=\"prev\">\n\t\t\t\t\t\t<em class=\"sow-sld-icon-thin-left\"><\/em>\n\t\t\t\t\t<\/a>\n\t\t\t\t<\/div>\n\t\t\t\t<\/div><\/div><\/div><\/div><\/div><\/div>","protected":false},"excerpt":{"rendered":"<p>Asesoramiento personalizado dependiendo la carrera, realizamos la documentaci\u00f3n correspondiente para validar su t\u00edtulo en Espa\u00f1a, bien sea para ejercer como profesional o estudiar (presencial &#8211; virtual); realizamos su APOSTILLA, COMPULSA DE DOCUMENTOS, VENTA DE SEGURO MEDICO, TRAMITES PARA VISA. Venta de seguro m\u00e9dico internacional para cualquier destino en el mundo, excelentes descuentos. &nbsp;<\/p>\n","protected":false},"author":1,"featured_media":0,"parent":0,"menu_order":0,"comment_status":"closed","ping_status":"closed","template":"","meta":{"footnotes":""},"_links":{"self":[{"href":"https:\/\/apostillacolombia.com.co\/v1\/wp-json\/wp\/v2\/pages\/14"}],"collection":[{"href":"https:\/\/apostillacolombia.com.co\/v1\/wp-json\/wp\/v2\/pages"}],"about":[{"href":"https:\/\/apostillacolombia.com.co\/v1\/wp-json\/wp\/v2\/types\/page"}],"author":[{"embeddable":true,"href":"https:\/\/apostillacolombia.com.co\/v1\/wp-json\/wp\/v2\/users\/1"}],"replies":[{"embeddable":true,"href":"https:\/\/apostillacolombia.com.co\/v1\/wp-json\/wp\/v2\/comments?post=14"}],"version-history":[{"count":38,"href":"https:\/\/apostillacolombia.com.co\/v1\/wp-json\/wp\/v2\/pages\/14\/revisions"}],"predecessor-version":[{"id":199,"href":"https:\/\/apostillacolombia.com.co\/v1\/wp-json\/wp\/v2\/pages\/14\/revisions\/199"}],"wp:attachment":[{"href":"https:\/\/apostillacolombia.com.co\/v1\/wp-json\/wp\/v2\/media?parent=14"}],"curies":[{"name":"wp","href":"https:\/\/api.w.org\/{rel}","templated":true}]}}