{"id":12,"date":"2018-04-26T13:51:14","date_gmt":"2018-04-26T13:51:14","guid":{"rendered":"http:\/\/apostillacolombia.com.co\/?page_id=12"},"modified":"2021-10-07T20:47:19","modified_gmt":"2021-10-07T20:47:19","slug":"homologaciones-en-espana","status":"publish","type":"page","link":"https:\/\/apostillacolombia.com.co\/v1\/homologaciones-en-espana\/","title":{"rendered":"Homologaci\u00f3n de t\u00edtulos en Espa\u00f1a"},"content":{"rendered":"<div id=\"pl-12\"  class=\"panel-layout\" ><div id=\"pg-12-0\"  class=\"panel-grid panel-no-style\" ><div id=\"pgc-12-0-0\"  class=\"panel-grid-cell\" ><div id=\"panel-12-0-0-0\" class=\"so-panel widget widget_sow-headline panel-first-child\" data-index=\"0\" ><div\n\t\t\t\n\t\t\tclass=\"so-widget-sow-headline so-widget-sow-headline-default-e8204752f3c0-12\"\n\t\t\t\n\t\t><div class=\"sow-headline-container \">\n\t\t\t\t\t\t\t<h1 class=\"sow-headline\">\n\t\t\t\t\t\tHomologaci\u00f3n\t\t\t\t\t\t<\/h1>\n\t\t\t\t\t\t\t\t\t\t\t<div class=\"decoration\">\n\t\t\t\t\t\t<div class=\"decoration-inside\"><\/div>\n\t\t\t\t\t<\/div>\n\t\t\t\t\t<\/div>\n<\/div><\/div><div id=\"panel-12-0-0-1\" class=\"so-panel widget widget_sow-editor\" data-index=\"1\" ><div\n\t\t\t\n\t\t\tclass=\"so-widget-sow-editor so-widget-sow-editor-base\"\n\t\t\t\n\t\t>\n<div class=\"siteorigin-widget-tinymce textwidget\">\n\t<p style=\"text-align: justify;\"><span style=\"font-family: Arimo;\">Convalidamos u homologamos t\u00edtulos de extranjeros en Colombia, ofrecemos un servicio personalizado para que valide su t\u00edtulo y pueda ejercer como profesional o estudiar en el territorio nacional. <\/span><\/p>\n<\/div>\n<\/div><\/div><div id=\"panel-12-0-0-2\" class=\"so-panel widget widget_sow-image panel-last-child\" data-index=\"2\" ><div\n\t\t\t\n\t\t\tclass=\"so-widget-sow-image so-widget-sow-image-default-8b5b6f678277-12\"\n\t\t\t\n\t\t>\n<div class=\"sow-image-container\">\n\t\t<img \n\tsrc=\"https:\/\/apostillacolombia.com.co\/v1\/wp-content\/uploads\/2018\/04\/convalidacion.png\" width=\"1160\" height=\"769\" srcset=\"https:\/\/apostillacolombia.com.co\/v1\/wp-content\/uploads\/2018\/04\/convalidacion.png 1160w, https:\/\/apostillacolombia.com.co\/v1\/wp-content\/uploads\/2018\/04\/convalidacion-300x199.png 300w, https:\/\/apostillacolombia.com.co\/v1\/wp-content\/uploads\/2018\/04\/convalidacion-768x509.png 768w, https:\/\/apostillacolombia.com.co\/v1\/wp-content\/uploads\/2018\/04\/convalidacion-1024x679.png 1024w\" sizes=\"(max-width: 1160px) 100vw, 1160px\" alt=\"\" \t\tclass=\"so-widget-image\"\/>\n\t<\/div>\n\n<\/div><\/div><\/div><\/div><div id=\"pg-12-1\"  class=\"panel-grid panel-no-style\" ><div id=\"pgc-12-1-0\"  class=\"panel-grid-cell\" ><div id=\"panel-12-1-0-0\" class=\"so-panel widget widget_sow-image panel-first-child panel-last-child\" data-index=\"3\" ><div\n\t\t\t\n\t\t\tclass=\"so-widget-sow-image so-widget-sow-image-default-8b5b6f678277-12\"\n\t\t\t\n\t\t>\n<div class=\"sow-image-container\">\n\t\t<img \n\tsrc=\"https:\/\/apostillacolombia.com.co\/v1\/wp-content\/uploads\/2018\/04\/convalidacion-en-el-contrato-abogado-escribiendo.jpg\" width=\"1800\" height=\"1060\" srcset=\"https:\/\/apostillacolombia.com.co\/v1\/wp-content\/uploads\/2018\/04\/convalidacion-en-el-contrato-abogado-escribiendo.jpg 1800w, https:\/\/apostillacolombia.com.co\/v1\/wp-content\/uploads\/2018\/04\/convalidacion-en-el-contrato-abogado-escribiendo-300x177.jpg 300w, https:\/\/apostillacolombia.com.co\/v1\/wp-content\/uploads\/2018\/04\/convalidacion-en-el-contrato-abogado-escribiendo-768x452.jpg 768w, https:\/\/apostillacolombia.com.co\/v1\/wp-content\/uploads\/2018\/04\/convalidacion-en-el-contrato-abogado-escribiendo-1024x603.jpg 1024w, https:\/\/apostillacolombia.com.co\/v1\/wp-content\/uploads\/2018\/04\/convalidacion-en-el-contrato-abogado-escribiendo-272x160.jpg 272w\" sizes=\"(max-width: 1800px) 100vw, 1800px\" title=\"Lawyer, notary signs the documents from our office\" alt=\"\" \t\tclass=\"so-widget-image\"\/>\n\t<\/div>\n\n<\/div><\/div><\/div><div id=\"pgc-12-1-1\"  class=\"panel-grid-cell\" ><div id=\"panel-12-1-1-0\" class=\"so-panel widget widget_sow-image panel-first-child panel-last-child\" data-index=\"4\" ><div\n\t\t\t\n\t\t\tclass=\"so-widget-sow-image so-widget-sow-image-default-8b5b6f678277-12\"\n\t\t\t\n\t\t>\n<div class=\"sow-image-container\">\n\t\t<img \n\tsrc=\"https:\/\/apostillacolombia.com.co\/v1\/wp-content\/uploads\/2018\/04\/diploma.jpg\" width=\"2048\" height=\"1557\" srcset=\"https:\/\/apostillacolombia.com.co\/v1\/wp-content\/uploads\/2018\/04\/diploma.jpg 2048w, https:\/\/apostillacolombia.com.co\/v1\/wp-content\/uploads\/2018\/04\/diploma-300x228.jpg 300w, https:\/\/apostillacolombia.com.co\/v1\/wp-content\/uploads\/2018\/04\/diploma-768x584.jpg 768w, https:\/\/apostillacolombia.com.co\/v1\/wp-content\/uploads\/2018\/04\/diploma-1024x779.jpg 1024w\" sizes=\"(max-width: 2048px) 100vw, 2048px\" title=\"graduation cap diploma isolated on a white background\" alt=\"\" \t\tclass=\"so-widget-image\"\/>\n\t<\/div>\n\n<\/div><\/div><\/div><\/div><\/div>","protected":false},"excerpt":{"rendered":"<p>Convalidamos u homologamos t\u00edtulos de extranjeros en Colombia, ofrecemos un servicio personalizado para que valide su t\u00edtulo y pueda ejercer como profesional o estudiar en el territorio nacional.<\/p>\n","protected":false},"author":1,"featured_media":0,"parent":0,"menu_order":0,"comment_status":"closed","ping_status":"closed","template":"","meta":{"footnotes":""},"_links":{"self":[{"href":"https:\/\/apostillacolombia.com.co\/v1\/wp-json\/wp\/v2\/pages\/12"}],"collection":[{"href":"https:\/\/apostillacolombia.com.co\/v1\/wp-json\/wp\/v2\/pages"}],"about":[{"href":"https:\/\/apostillacolombia.com.co\/v1\/wp-json\/wp\/v2\/types\/page"}],"author":[{"embeddable":true,"href":"https:\/\/apostillacolombia.com.co\/v1\/wp-json\/wp\/v2\/users\/1"}],"replies":[{"embeddable":true,"href":"https:\/\/apostillacolombia.com.co\/v1\/wp-json\/wp\/v2\/comments?post=12"}],"version-history":[{"count":17,"href":"https:\/\/apostillacolombia.com.co\/v1\/wp-json\/wp\/v2\/pages\/12\/revisions"}],"predecessor-version":[{"id":328,"href":"https:\/\/apostillacolombia.com.co\/v1\/wp-json\/wp\/v2\/pages\/12\/revisions\/328"}],"wp:attachment":[{"href":"https:\/\/apostillacolombia.com.co\/v1\/wp-json\/wp\/v2\/media?parent=12"}],"curies":[{"name":"wp","href":"https:\/\/api.w.org\/{rel}","templated":true}]}}