{"id":10,"date":"2018-04-26T13:50:56","date_gmt":"2018-04-26T13:50:56","guid":{"rendered":"http:\/\/apostillacolombia.com.co\/?page_id=10"},"modified":"2023-02-04T01:08:27","modified_gmt":"2023-02-04T01:08:27","slug":"traducciones","status":"publish","type":"page","link":"https:\/\/apostillacolombia.com.co\/v1\/traducciones\/","title":{"rendered":"Traducciones Oficiales"},"content":{"rendered":"<div id=\"pl-10\"  class=\"panel-layout\" ><div id=\"pg-10-0\"  class=\"panel-grid panel-no-style\" ><div id=\"pgc-10-0-0\"  class=\"panel-grid-cell\" ><div id=\"panel-10-0-0-0\" class=\"so-panel widget widget_sow-headline panel-first-child\" data-index=\"0\" ><div\n\t\t\t\n\t\t\tclass=\"so-widget-sow-headline so-widget-sow-headline-default-81c7224b973a-10\"\n\t\t\t\n\t\t><div class=\"sow-headline-container \">\n\t\t\t\t\t\t\t<h1 class=\"sow-headline\">\n\t\t\t\t\t\tTraducciones Oficiales\t\t\t\t\t\t<\/h1>\n\t\t\t\t\t\t\t\t\t\t\t<div class=\"decoration\">\n\t\t\t\t\t\t<div class=\"decoration-inside\"><\/div>\n\t\t\t\t\t<\/div>\n\t\t\t\t\t<\/div>\n<\/div><\/div><div id=\"panel-10-0-0-1\" class=\"so-panel widget widget_sow-editor panel-last-child\" data-index=\"1\" ><div\n\t\t\t\n\t\t\tclass=\"so-widget-sow-editor so-widget-sow-editor-base\"\n\t\t\t\n\t\t>\n<div class=\"siteorigin-widget-tinymce textwidget\">\n\t<p style=\"text-align: center;\"><span style=\"font-family: Arimo;\"><span style=\"font-size: 20px;\"><span style=\"color: #000000;\">Traducciones oficiales en los siguiente idiomas, alem\u00e1n, franc\u00e9s, ingles, italiano, portugu\u00e9s<\/span><br \/>\n<\/span>\u00a0Todos nuestros traductores son certificados ante Supernotariado y Registro y avalados por la canciller\u00eda colombiana Ministerio de Relaciones Exteriores, en todo caso, nuestras traducciones pueden ser apostilladas si as\u00ed lo requiere.<\/span><\/p>\n<p style=\"text-align: center;\"><span style=\"font-size: 16px; font-family: Arimo;\"><span style=\"color: #000000;\">\u00a1Para traducciones en ingles contamos con servicio extraordinario, con entrega de trabajos para el mismo d\u00eda!<br \/>\n<\/span><\/span><span style=\"font-size: 16px; font-family: Arimo;\">El valor de nuestras traducciones varia entre $15.000 Para apostillas y sellos certificados, carnet de vacunaci\u00f3n Covid y paginas sencillas. En el caso de los documentos legales como son, diplomas, actas, sabana de notas, certificados legales, registros, antecedentes,\u00a0 entre otros. Varia entre $25.000 - $35.000 por pagina.<\/span><\/p>\n<p style=\"text-align: center;\"><span style=\"font-family: Arimo;\">Realiza tu cotizaci\u00f3n, escr\u00edbenos al siguiente WhatsApp +57 3125082845 o a los correos, &#99;&#x6f;n&#116;&#x61;c&#116;&#x6f;&#64;&#97;&#x70;o&#115;&#x74;&#105;&#x6c;&#x6c;&#97;&#x63;&#x6f;&#108;&#x6f;m&#98;&#x69;a&#46;&#x63;o&#109;&#x2e;c&#111;, &#x61;&#112;&#111;s&#x74;&#x69;&#108;l&#x61;&#x6d;&#111;s&#64;&#x67;&#109;&#97;i&#x6c;&#x2e;&#99;o&#x6d;.<\/span><br \/>\n<span style=\"font-family: Arimo;\">Agenda tu cita en nuestra sede en la ciudad de Bogot\u00e1. Calle 44 # 54-86 Comercializadora Can Oficina 101.\u00a0<\/span><\/p>\n<\/div>\n<\/div><\/div><\/div><\/div><div id=\"pg-10-1\"  class=\"panel-grid panel-no-style\" ><div id=\"pgc-10-1-0\"  class=\"panel-grid-cell\" ><div id=\"panel-10-1-0-0\" class=\"so-panel widget widget_sow-image panel-first-child\" data-index=\"2\" ><div\n\t\t\t\n\t\t\tclass=\"so-widget-sow-image so-widget-sow-image-default-8b5b6f678277-10\"\n\t\t\t\n\t\t>\n<div class=\"sow-image-container\">\n\t\t<img \n\tsrc=\"https:\/\/apostillacolombia.com.co\/v1\/wp-content\/uploads\/2018\/04\/20180419_110359-Copy-e1525634310817-660x280.jpg\" width=\"660\" height=\"280\" sizes=\"(max-width: 660px) 100vw, 660px\" title=\"traducciones oficiales a todos los idiomas, Ingles, Alem\u00e1n, Franc\u00e9s, Portugu\u00e9s, Italiano.\" alt=\"TRADUCCIONES\" \t\tclass=\"so-widget-image\"\/>\n\t<\/div>\n\n<\/div><\/div><div id=\"panel-10-1-0-1\" class=\"so-panel widget widget_sow-image panel-last-child\" data-index=\"3\" ><div\n\t\t\t\n\t\t\tclass=\"so-widget-sow-image so-widget-sow-image-default-c67d20f9f743-10\"\n\t\t\t\n\t\t>\n<div class=\"sow-image-container\">\n\t\t<img \n\tsrc=\"https:\/\/apostillacolombia.com.co\/v1\/wp-content\/uploads\/2018\/04\/20180419_111210-Copy-660x280.jpg\" width=\"660\" height=\"280\" sizes=\"(max-width: 660px) 100vw, 660px\" title=\"Traduccion_ingles\" alt=\"\" \t\tclass=\"so-widget-image\"\/>\n\t<\/div>\n\n<\/div><\/div><\/div><div id=\"pgc-10-1-1\"  class=\"panel-grid-cell\" ><div id=\"panel-10-1-1-0\" class=\"so-panel widget widget_sow-image panel-first-child\" data-index=\"4\" ><div\n\t\t\t\n\t\t\tclass=\"so-widget-sow-image so-widget-sow-image-default-c67d20f9f743-10\"\n\t\t\t\n\t\t>\n<div class=\"sow-image-container\">\n\t\t<img \n\tsrc=\"https:\/\/apostillacolombia.com.co\/v1\/wp-content\/uploads\/2018\/04\/20180419_111253-Copy-660x280.jpg\" width=\"660\" height=\"280\" sizes=\"(max-width: 660px) 100vw, 660px\" title=\"traduccion_aleman-2\" alt=\"\" \t\tclass=\"so-widget-image\"\/>\n\t<\/div>\n\n<\/div><\/div><div id=\"panel-10-1-1-1\" class=\"so-panel widget widget_sow-image panel-last-child\" data-index=\"5\" ><div\n\t\t\t\n\t\t\tclass=\"so-widget-sow-image so-widget-sow-image-default-8b5b6f678277-10\"\n\t\t\t\n\t\t>\n<div class=\"sow-image-container\">\n\t\t<img \n\tsrc=\"https:\/\/apostillacolombia.com.co\/v1\/wp-content\/uploads\/2018\/04\/20180419_111346-Copy-660x280.jpg\" width=\"660\" height=\"280\" sizes=\"(max-width: 660px) 100vw, 660px\" title=\"Traduccion_italiano-2\" alt=\"\" \t\tclass=\"so-widget-image\"\/>\n\t<\/div>\n\n<\/div><\/div><\/div><\/div><\/div>","protected":false},"excerpt":{"rendered":"<p>Traducciones oficiales en los siguiente idiomas, alem\u00e1n, franc\u00e9s, ingles, italiano, portugu\u00e9s \u00a0Todos nuestros traductores son certificados ante Supernotariado y Registro y avalados por la canciller\u00eda colombiana Ministerio de Relaciones Exteriores, en todo caso, nuestras traducciones pueden ser apostilladas si as\u00ed lo requiere. \u00a1Para traducciones en ingles contamos con servicio extraordinario, con entrega de trabajos para [&hellip;]<\/p>\n","protected":false},"author":1,"featured_media":0,"parent":0,"menu_order":0,"comment_status":"closed","ping_status":"closed","template":"","meta":{"footnotes":""},"_links":{"self":[{"href":"https:\/\/apostillacolombia.com.co\/v1\/wp-json\/wp\/v2\/pages\/10"}],"collection":[{"href":"https:\/\/apostillacolombia.com.co\/v1\/wp-json\/wp\/v2\/pages"}],"about":[{"href":"https:\/\/apostillacolombia.com.co\/v1\/wp-json\/wp\/v2\/types\/page"}],"author":[{"embeddable":true,"href":"https:\/\/apostillacolombia.com.co\/v1\/wp-json\/wp\/v2\/users\/1"}],"replies":[{"embeddable":true,"href":"https:\/\/apostillacolombia.com.co\/v1\/wp-json\/wp\/v2\/comments?post=10"}],"version-history":[{"count":26,"href":"https:\/\/apostillacolombia.com.co\/v1\/wp-json\/wp\/v2\/pages\/10\/revisions"}],"predecessor-version":[{"id":367,"href":"https:\/\/apostillacolombia.com.co\/v1\/wp-json\/wp\/v2\/pages\/10\/revisions\/367"}],"wp:attachment":[{"href":"https:\/\/apostillacolombia.com.co\/v1\/wp-json\/wp\/v2\/media?parent=10"}],"curies":[{"name":"wp","href":"https:\/\/api.w.org\/{rel}","templated":true}]}}